{"id":1397,"date":"2020-03-15T20:37:55","date_gmt":"2020-03-15T19:37:55","guid":{"rendered":"https:\/\/tec.leathermen.ch\/informazioni-giuridiche\/"},"modified":"2022-12-08T15:57:51","modified_gmt":"2022-12-08T14:57:51","slug":"informazioni-giuridiche","status":"publish","type":"page","link":"https:\/\/leathermen.ch\/it\/informazioni-giuridiche\/","title":{"rendered":"Informazioni giuridiche"},"content":{"rendered":"\n<h2 class=\"wp-block-heading\">Contatti<\/h2>\n\n<p><em>Leathermen of Switzerland<\/em><\/p>\n\n<p>c\/o Sebastian Scheffler<br\/>Dachslernstrasse 38<br\/>8048 Zurigo<br\/>Svizzera<\/p>\n\n<p>info[at]leathermen.ch<\/p>\n\n<h2 class=\"wp-block-heading\">Rappresentanti<\/h2>\n\n<p>Sebastian Scheffler<\/p>\n\n<h2 class=\"wp-block-heading\">Dichiarazione di non responsabilit\u00e0<\/h2>\n\n<p>L&#8217;autore non si assume alcuna responsabilit\u00e0 per quanto riguarda la correttezza, la precisione, l&#8217;attualit\u00e0, l&#8217;affidabilit\u00e0 e la completezza delle informazioni.<\/p>\n\n<p>I reclami di responsabilit\u00e0 per danni causati dall&#8217;uso di qualsiasi informazione fornita, incluso qualsiasi tipo di informazione incompleta o errata, saranno quindi respinti.<\/p>\n\n<p>Tutte le offerte non sono vincolanti. L&#8217;autore si riserva espressamente il diritto di cambiare, completare o cancellare parti delle pagine o l&#8217;intera offerta senza annuncio separato o di cessare la pubblicazione temporaneamente o permanentemente.<\/p>\n\n<h2 class=\"wp-block-heading\">Responsabilit\u00e0 per i link<\/h2>\n\n<p>I riferimenti e i link a siti web di terzi sono al di fuori della nostra area di responsabilit\u00e0. Decliniamo ogni responsabilit\u00e0 per tali siti web. L&#8217;accesso e l&#8217;uso di tali siti web \u00e8 a rischio e pericolo dell&#8217;utente.<\/p>\n\n<h2 class=\"wp-block-heading\">Copyright<\/h2>\n\n<p>I diritti d&#8217;autore e tutti gli altri diritti sui contenuti, le immagini, le foto o altri file presenti sul sito web appartengono esclusivamente all&#8217;Associazione <em>Leathermen of Switzerland<\/em> o ai titolari dei diritti specificamente menzionati. Il consenso scritto dei detentori del copyright deve essere ottenuto in anticipo per la riproduzione di qualsiasi elemento.<\/p>\n","protected":false},"excerpt":{"rendered":"<p>Contatti Leathermen of Switzerland c\/o Sebastian SchefflerDachslernstrasse 388048 ZurigoSvizzera info[at]leathermen.ch Rappresentanti Sebastian Scheffler Dichiarazione di non responsabilit\u00e0 L&#8217;autore non si assume alcuna responsabilit\u00e0 per quanto riguarda la correttezza, la precisione, [&hellip;]<\/p>\n","protected":false},"author":1,"featured_media":0,"parent":0,"menu_order":7,"comment_status":"closed","ping_status":"closed","template":"","meta":{"_price":"","_stock":"","_tribe_ticket_header":"","_tribe_default_ticket_provider":"","_tribe_ticket_capacity":"0","_ticket_start_date":"","_ticket_end_date":"","_tribe_ticket_show_description":"","_tribe_ticket_show_not_going":false,"_tribe_ticket_use_global_stock":"","_tribe_ticket_global_stock_level":"","_global_stock_mode":"","_global_stock_cap":"","_tribe_rsvp_for_event":"","_tribe_ticket_going_count":"","_tribe_ticket_not_going_count":"","_tribe_tickets_list":"[]","_tribe_ticket_has_attendee_info_fields":false,"footnotes":"","_tec_slr_enabled":"","_tec_slr_layout":""},"class_list":["post-1397","page","type-page","status-publish","hentry"],"ticketed":false,"_links":{"self":[{"href":"https:\/\/leathermen.ch\/it\/wp-json\/wp\/v2\/pages\/1397","targetHints":{"allow":["GET"]}}],"collection":[{"href":"https:\/\/leathermen.ch\/it\/wp-json\/wp\/v2\/pages"}],"about":[{"href":"https:\/\/leathermen.ch\/it\/wp-json\/wp\/v2\/types\/page"}],"author":[{"embeddable":true,"href":"https:\/\/leathermen.ch\/it\/wp-json\/wp\/v2\/users\/1"}],"replies":[{"embeddable":true,"href":"https:\/\/leathermen.ch\/it\/wp-json\/wp\/v2\/comments?post=1397"}],"version-history":[{"count":3,"href":"https:\/\/leathermen.ch\/it\/wp-json\/wp\/v2\/pages\/1397\/revisions"}],"predecessor-version":[{"id":5654,"href":"https:\/\/leathermen.ch\/it\/wp-json\/wp\/v2\/pages\/1397\/revisions\/5654"}],"wp:attachment":[{"href":"https:\/\/leathermen.ch\/it\/wp-json\/wp\/v2\/media?parent=1397"}],"curies":[{"name":"wp","href":"https:\/\/api.w.org\/{rel}","templated":true}]}}