{"id":1045,"date":"2020-03-10T23:18:07","date_gmt":"2020-03-10T22:18:07","guid":{"rendered":"https:\/\/tec.leathermen.ch\/home\/"},"modified":"2021-12-09T10:14:48","modified_gmt":"2021-12-09T09:14:48","slug":"home","status":"publish","type":"page","link":"https:\/\/leathermen.ch\/de\/","title":{"rendered":"Home"},"content":{"rendered":"\n<h2 class=\"wp-block-heading\">Herzlich Willkommen bei den <em>Leathermen of Switzerland<\/em>!<\/h2>\n\n\n\n<figure class=\"wp-block-image size-large\"><img loading=\"lazy\" decoding=\"async\" width=\"1024\" height=\"690\" src=\"https:\/\/leathermen.ch\/wp-content\/uploads\/2020\/05\/lms_mascot-logo_flag_outline-1024x690.png\" alt=\"\" class=\"wp-image-593\" srcset=\"https:\/\/leathermen.ch\/wp-content\/uploads\/2020\/05\/lms_mascot-logo_flag_outline-1024x690.png 1024w, https:\/\/leathermen.ch\/wp-content\/uploads\/2020\/05\/lms_mascot-logo_flag_outline-600x404.png 600w, https:\/\/leathermen.ch\/wp-content\/uploads\/2020\/05\/lms_mascot-logo_flag_outline-300x202.png 300w, https:\/\/leathermen.ch\/wp-content\/uploads\/2020\/05\/lms_mascot-logo_flag_outline-768x517.png 768w, https:\/\/leathermen.ch\/wp-content\/uploads\/2020\/05\/lms_mascot-logo_flag_outline-1536x1035.png 1536w, https:\/\/leathermen.ch\/wp-content\/uploads\/2020\/05\/lms_mascot-logo_flag_outline-2048x1380.png 2048w, https:\/\/leathermen.ch\/wp-content\/uploads\/2020\/05\/lms_mascot-logo_flag_outline-1500x1011.png 1500w, https:\/\/leathermen.ch\/wp-content\/uploads\/2020\/05\/lms_mascot-logo_flag_outline-705x475.png 705w\" sizes=\"auto, (max-width: 1024px) 100vw, 1024px\" \/><\/figure>\n\n\n\n<h2 class=\"wp-block-heading\">Die n\u00e4chsten Events<\/h2>\n\n\n\n<p>Eine \u00dcbersicht aller vergangenen und zuk\u00fcnftigen Events findest Du auf der <a href=\"\/en\/events\" data-type=\"URL\" data-id=\"\/en\/events\">englischsprachigen Veranstaltungsseite<\/a>.<\/p>\n\n\n\n<h2 class=\"wp-block-heading\">Aktuelles<\/h2>\n\n\n<ul class=\"wp-block-latest-posts__list wp-block-latest-posts\"><li><a class=\"wp-block-latest-posts__post-title\" href=\"https:\/\/leathermen.ch\/de\/2022\/06\/leathermen-of-switzerland-meet-pasta-del-amore\/\">Leathermen of Switzerland meet Pasta del Amore<\/a><div class=\"wp-block-latest-posts__post-excerpt\">Heinz und Werni sind ausnahmsweise nicht im R\u00f6ssli. Sondern in der M\u00e4nnerzone. Mit den Leathermen of Switzerland!<\/div><\/li>\n<li><a class=\"wp-block-latest-posts__post-title\" href=\"https:\/\/leathermen.ch\/de\/2020\/03\/wichtige-mitteilung-zum-coronavirus\/\">Wichtige Mitteilung zum Coronavirus<\/a><div class=\"wp-block-latest-posts__post-excerpt\">Die aktuellen Geschehnisse rund um das Coronavirus und die daraus resultierenden Entscheide und Massnahmen durch Regierungen und Beh\u00f6rden zwingen auch uns als Verein entsprechend zu handeln.<\/div><\/li>\n<\/ul>\n\n\n<p><a href=\"https:\/\/leathermen.ch\/de\/blog\/\" data-type=\"page\" data-id=\"1352\">Mehr anzeigen \u2026<\/a><\/p>\n","protected":false},"excerpt":{"rendered":"<p>Herzlich Willkommen bei den Leathermen of Switzerland! Die n\u00e4chsten Events Eine \u00dcbersicht aller vergangenen und zuk\u00fcnftigen Events findest Du auf der englischsprachigen Veranstaltungsseite. Aktuelles Mehr anzeigen \u2026<\/p>\n","protected":false},"author":1,"featured_media":0,"parent":0,"menu_order":0,"comment_status":"closed","ping_status":"closed","template":"","meta":{"_price":"","_stock":"","_tribe_ticket_header":"","_tribe_default_ticket_provider":"","_tribe_ticket_capacity":"0","_ticket_start_date":"","_ticket_end_date":"","_tribe_ticket_show_description":"","_tribe_ticket_show_not_going":false,"_tribe_ticket_use_global_stock":"","_tribe_ticket_global_stock_level":"","_global_stock_mode":"","_global_stock_cap":"","_tribe_rsvp_for_event":"","_tribe_ticket_going_count":"","_tribe_ticket_not_going_count":"","_tribe_tickets_list":"[]","_tribe_ticket_has_attendee_info_fields":false,"footnotes":"","_tec_slr_enabled":"","_tec_slr_layout":""},"class_list":["post-1045","page","type-page","status-publish","hentry"],"ticketed":false,"_links":{"self":[{"href":"https:\/\/leathermen.ch\/de\/wp-json\/wp\/v2\/pages\/1045","targetHints":{"allow":["GET"]}}],"collection":[{"href":"https:\/\/leathermen.ch\/de\/wp-json\/wp\/v2\/pages"}],"about":[{"href":"https:\/\/leathermen.ch\/de\/wp-json\/wp\/v2\/types\/page"}],"author":[{"embeddable":true,"href":"https:\/\/leathermen.ch\/de\/wp-json\/wp\/v2\/users\/1"}],"replies":[{"embeddable":true,"href":"https:\/\/leathermen.ch\/de\/wp-json\/wp\/v2\/comments?post=1045"}],"version-history":[{"count":4,"href":"https:\/\/leathermen.ch\/de\/wp-json\/wp\/v2\/pages\/1045\/revisions"}],"predecessor-version":[{"id":2577,"href":"https:\/\/leathermen.ch\/de\/wp-json\/wp\/v2\/pages\/1045\/revisions\/2577"}],"wp:attachment":[{"href":"https:\/\/leathermen.ch\/de\/wp-json\/wp\/v2\/media?parent=1045"}],"curies":[{"name":"wp","href":"https:\/\/api.w.org\/{rel}","templated":true}]}}